{"id":1853,"date":"2023-04-04T21:40:16","date_gmt":"2023-04-04T21:40:16","guid":{"rendered":"https:\/\/logialuzyverdad.ar\/?page_id=1853"},"modified":"2023-04-04T21:51:05","modified_gmt":"2023-04-04T21:51:05","slug":"blog","status":"publish","type":"page","link":"https:\/\/logialuzyverdad.ar\/?page_id=1853","title":{"rendered":"Blog"},"content":{"rendered":"\n<div class=\"wp-block-query is-layout-flow\"><ul class=\"is-flex-container columns-3 wp-block-post-template is-layout-flow\"><li class=\"wp-block-post post-1858 post type-post status-publish format-standard hentry category-uncategorized\">\n\n<div class=\"wp-block-group is-layout-flow\" style=\"padding-top:30px;padding-right:30px;padding-bottom:30px;padding-left:30px\"><div class=\"wp-block-group__inner-container\"><h2 class=\"wp-block-post-title\"><a href=\"https:\/\/logialuzyverdad.ar\/?p=1858\" target=\"_self\" >Cu\u00e1les son las construcciones masonas m\u00e1s famosas en la Argentina<\/a><\/h2>\n\n<div class=\"wp-block-post-excerpt\"><p class=\"wp-block-post-excerpt__excerpt\">La masoner\u00eda ha sido una parte integral de la historia del pa\u00eds desde su fundaci\u00f3n en el siglo XIX. Sus miembros han dejado una huella duradera en la arquitectura de Argentina, construyendo edificios imponentes y simb\u00f3licos en todo el pa\u00eds. Uno de los ejemplos m\u00e1s destacados de la arquitectura mas\u00f3nica en Argentina es el Palacio [&hellip;]<\/p><p class=\"wp-block-post-excerpt__more-text\"><a class=\"wp-block-post-excerpt__more-link\" href=\"https:\/\/logialuzyverdad.ar\/?p=1858\">Leer m\u00e1s<\/a><\/p><\/div>\n\n<div class=\"wp-block-post-date\"><time datetime=\"2023-04-04T21:49:12+00:00\">abril 4, 2023<\/time><\/div><\/div><\/div>\n\n<\/li><\/ul><\/div>\n","protected":false},"excerpt":{"rendered":"","protected":false},"author":1,"featured_media":0,"parent":0,"menu_order":0,"comment_status":"closed","ping_status":"closed","template":"","meta":[],"_links":{"self":[{"href":"https:\/\/logialuzyverdad.ar\/index.php?rest_route=\/wp\/v2\/pages\/1853"}],"collection":[{"href":"https:\/\/logialuzyverdad.ar\/index.php?rest_route=\/wp\/v2\/pages"}],"about":[{"href":"https:\/\/logialuzyverdad.ar\/index.php?rest_route=\/wp\/v2\/types\/page"}],"author":[{"embeddable":true,"href":"https:\/\/logialuzyverdad.ar\/index.php?rest_route=\/wp\/v2\/users\/1"}],"replies":[{"embeddable":true,"href":"https:\/\/logialuzyverdad.ar\/index.php?rest_route=%2Fwp%2Fv2%2Fcomments&post=1853"}],"version-history":[{"count":2,"href":"https:\/\/logialuzyverdad.ar\/index.php?rest_route=\/wp\/v2\/pages\/1853\/revisions"}],"predecessor-version":[{"id":1862,"href":"https:\/\/logialuzyverdad.ar\/index.php?rest_route=\/wp\/v2\/pages\/1853\/revisions\/1862"}],"wp:attachment":[{"href":"https:\/\/logialuzyverdad.ar\/index.php?rest_route=%2Fwp%2Fv2%2Fmedia&parent=1853"}],"curies":[{"name":"wp","href":"https:\/\/api.w.org\/{rel}","templated":true}]}}